{"id":1050,"date":"2015-08-18T14:01:21","date_gmt":"2015-08-18T14:01:21","guid":{"rendered":"http:\/\/goodenergy.themerex.net\/?page_id=1050"},"modified":"2023-09-22T12:49:39","modified_gmt":"2023-09-22T15:49:39","slug":"home","status":"publish","type":"page","link":"http:\/\/csrio.usuarios.rdc.puc-rio.br\/en\/","title":{"rendered":"Home"},"content":{"rendered":"<section class=\"wpb-content-wrapper\"><p>[vc_row][vc_column][vc_column_text]<span style=\"font-size: 0px; display: none;\">CSRio is a centre for research on biodiversity conservation and sustainability, with the aim of developing basic and applied research on conservation and sustainability science<\/span>[\/vc_column_text]\n\t\t\t<!-- START slide_home_en REVOLUTION SLIDER 6.6.14 --><p class=\"rs-p-wp-fix\"><\/p>\n\t\t\t<rs-module-wrap id=\"rev_slider_5_2_wrapper\" data-source=\"gallery\" style=\"visibility:hidden;background:transparent;padding:0;margin:0px auto;margin-top:0;margin-bottom:0;\">\n\t\t\t\t<rs-module id=\"rev_slider_5_2\" style=\"\" data-version=\"6.6.14\">\n\t\t\t\t\t<rs-slides style=\"overflow: hidden; position: absolute;\">\n\t\t\t\t\t\t<rs-slide style=\"position: absolute;\" data-key=\"rs-16\" data-title=\"Slide\" data-link=\"\/sobre\" data-tag=\"l\" data-target=\"_self\" data-seoz=\"front\" data-duration=\"4490\" data-anim=\"adpr:false;\">\n\t\t\t\t\t\t\t<img src=\"\/\/csrio.usuarios.rdc.puc-rio.br\/wp-content\/plugins\/revslider\/public\/assets\/assets\/dummy.png\" alt=\"\" title=\"bg_slide\" width=\"1170\" height=\"338\" class=\"rev-slidebg tp-rs-img rs-lazyload\" data-lazyload=\"\/\/csrio.usuarios.rdc.puc-rio.br\/wp-content\/uploads\/2017\/03\/bg_slide-1170x338.jpg\" data-parallax=\"off\" data-no-retina>\n<!--\n\t\t\t\t\t\t\t--><rs-layer\n\t\t\t\t\t\t\t\tid=\"slider-5-slide-16-layer-1\" \n\t\t\t\t\t\t\t\tdata-type=\"text\"\n\t\t\t\t\t\t\t\tdata-color=\"rgba(255,255,255,1)\"\n\t\t\t\t\t\t\t\tdata-rsp_ch=\"on\"\n\t\t\t\t\t\t\t\tdata-xy=\"x:68px;y:238px;\"\n\t\t\t\t\t\t\t\tdata-text=\"s:36;l:40;fw:700;\"\n\t\t\t\t\t\t\t\tdata-frame_0=\"y:50px;tp:600;\"\n\t\t\t\t\t\t\t\tdata-frame_1=\"tp:600;e:power4.out;st:750;sp:1580;\"\n\t\t\t\t\t\t\t\tdata-frame_999=\"o:0;tp:600;e:power1.in;st:w;\"\n\t\t\t\t\t\t\t\tstyle=\"z-index:5;font-family:'Asap';\"\n\t\t\t\t\t\t\t>CENTRE FOR CONSERVATION AND <br>SUSTAINABILITY SCIENCE \n\t\t\t\t\t\t\t<\/rs-layer><!--\n\n\t\t\t\t\t\t\t--><rs-layer\n\t\t\t\t\t\t\t\tid=\"slider-5-slide-16-layer-2\" \n\t\t\t\t\t\t\t\tclass=\"tp-shape tp-shapewrapper\"\n\t\t\t\t\t\t\t\tdata-type=\"shape\"\n\t\t\t\t\t\t\t\tdata-rsp_ch=\"on\"\n\t\t\t\t\t\t\t\tdata-xy=\"x:46px;y:239px;\"\n\t\t\t\t\t\t\t\tdata-text=\"w:normal;fw:700;\"\n\t\t\t\t\t\t\t\tdata-dim=\"w:6px;h:82px;\"\n\t\t\t\t\t\t\t\tdata-frame_0=\"y:50px;tp:600;\"\n\t\t\t\t\t\t\t\tdata-frame_1=\"tp:600;e:power4.out;st:450;sp:1480;\"\n\t\t\t\t\t\t\t\tdata-frame_999=\"o:0;tp:600;e:nothing;st:w;\"\n\t\t\t\t\t\t\t\tstyle=\"z-index:6;background-color:rgba(255,255,255,1);\"\n\t\t\t\t\t\t\t> \n\t\t\t\t\t\t\t<\/rs-layer><!--\n\n\t\t\t\t\t\t\t--><rs-layer\n\t\t\t\t\t\t\t\tid=\"slider-5-slide-16-layer-3\" \n\t\t\t\t\t\t\t\tdata-type=\"image\"\n\t\t\t\t\t\t\t\tdata-rsp_ch=\"on\"\n\t\t\t\t\t\t\t\tdata-xy=\"x:894px;y:55px;\"\n\t\t\t\t\t\t\t\tdata-text=\"l:22;\"\n\t\t\t\t\t\t\t\tdata-dim=\"w:367px;h:380px;\"\n\t\t\t\t\t\t\t\tdata-frame_0=\"x:50px;tp:600;\"\n\t\t\t\t\t\t\t\tdata-frame_1=\"tp:600;e:power2.inOut;st:0;sp:1460;\"\n\t\t\t\t\t\t\t\tdata-frame_999=\"o:0;tp:600;e:nothing;st:w;\"\n\t\t\t\t\t\t\t\tstyle=\"z-index:7;\"\n\t\t\t\t\t\t\t><img src=\"\/\/csrio.usuarios.rdc.puc-rio.br\/wp-content\/plugins\/revslider\/public\/assets\/assets\/dummy.png\" alt=\"\" class=\"tp-rs-img rs-lazyload\" width=\"456\" height=\"471\" data-lazyload=\"\/\/csrio.usuarios.rdc.puc-rio.br\/wp-content\/uploads\/2017\/03\/passaro.png\" data-no-retina> \n\t\t\t\t\t\t\t<\/rs-layer><!--\n-->\t\t\t\t\t\t<\/rs-slide>\n\t\t\t\t\t<\/rs-slides>\n\t\t\t\t<\/rs-module>\n\t\t\t\t<script>\n\t\t\t\t\tsetREVStartSize({c: 'rev_slider_5_2',rl:[1240,1024,778,480],el:[],gw:[1240],gh:[400],type:'hero',justify:'',layout:'fullwidth',mh:\"0\"});if (window.RS_MODULES!==undefined && window.RS_MODULES.modules!==undefined && window.RS_MODULES.modules[\"revslider52\"]!==undefined) {window.RS_MODULES.modules[\"revslider52\"].once = false;window.revapi5 = undefined;if (window.RS_MODULES.checkMinimal!==undefined) window.RS_MODULES.checkMinimal()}\n\t\t\t\t<\/script>\n\t\t\t<\/rs-module-wrap>\n\t\t\t<!-- END REVOLUTION SLIDER -->\n[vc_empty_space][\/vc_column][\/vc_row][vc_row][vc_column width=&#8221;1\/3&#8243;]<h1 class=\"sc_title sc_title_regular titulos-chamadas-home\"><a href=\"http:\/\/csrio.usuarios.rdc.puc-rio.br\/en\/projetos\/\">Projects<\/a><\/h1>[vc_basic_grid post_type=&#8221;post&#8221; max_items=&#8221;3&#8243; style=&#8221;pagination&#8221; items_per_page=&#8221;1&#8243; element_width=&#8221;12&#8243; paging_design=&#8221;pagination_rounded_square&#8221; paging_color=&#8221;blue&#8221; loop=&#8221;yes&#8221; autoplay=&#8221;10&#8243; item=&#8221;2033&#8243; grid_id=&#8221;vc_gid:1695397741050-3cb37722-7550-9&#8243; taxonomies=&#8221;129&#8243; paging_animation_in=&#8221;fadeIn&#8221; paging_animation_out=&#8221;none&#8221;]<a href=\"\/csrio\/projetos\" data-animation=\"animated fadeIn normal\" class=\"sc_button sc_button_square sc_button_style_filled sc_button_bg_color_style_bg_style1 sc_button_size_small btn-grid-home  sc_button_iconed none\">+ See All<\/a>[\/vc_column][vc_column width=&#8221;1\/3&#8243;]<h1 class=\"sc_title sc_title_regular titulos-chamadas-home\"><a href=\"\/csrio\/en\/noticias\">News<\/a><\/h1>[vc_basic_grid post_type=&#8221;post&#8221; max_items=&#8221;3&#8243; style=&#8221;pagination&#8221; items_per_page=&#8221;1&#8243; element_width=&#8221;12&#8243; paging_design=&#8221;pagination_rounded_square&#8221; paging_color=&#8221;blue&#8221; loop=&#8221;yes&#8221; autoplay=&#8221;10&#8243; item=&#8221;2033&#8243; grid_id=&#8221;vc_gid:1695397741050-def1af60-71af-6&#8243; taxonomies=&#8221;130&#8243; paging_animation_in=&#8221;fadeIn&#8221; paging_animation_out=&#8221;none&#8221;]<a href=\"\/csrio\/noticias\" data-animation=\"animated fadeIn normal\" class=\"sc_button sc_button_square sc_button_style_filled sc_button_bg_color_style_bg_style1 sc_button_size_small btn-grid-home  sc_button_iconed none\">+ See All<\/a>[\/vc_column][vc_column width=&#8221;1\/3&#8243; el_class=&#8221;ajuste-public&#8221;]<h1 class=\"sc_title sc_title_regular titulos-chamadas-home\"><a href=\"\/csrio\/en\/publicacoes\">Publications<\/a><\/h1>[vc_basic_grid post_type=&#8221;post&#8221; max_items=&#8221;6&#8243; style=&#8221;pagination&#8221; items_per_page=&#8221;2&#8243; element_width=&#8221;12&#8243; paging_design=&#8221;pagination_rounded_square&#8221; paging_color=&#8221;blue&#8221; loop=&#8221;yes&#8221; autoplay=&#8221;10&#8243; item=&#8221;2058&#8243; grid_id=&#8221;vc_gid:1695397741050-17ca8e02-3bd3-4&#8243; taxonomies=&#8221;131&#8243; paging_animation_in=&#8221;bounceInUp&#8221; paging_animation_out=&#8221;none&#8221;]<a href=\"\/csrio\/publicacoes\" data-animation=\"animated fadeIn normal\" class=\"sc_button sc_button_square sc_button_style_filled sc_button_bg_color_style_bg_style1 sc_button_size_small btn-grid-home btn-grid-home-public  sc_button_iconed none\">+ See All<\/a><div id=\"linha-grid-home-public\" class=\"sc_line sc_line_style_solid\" style=\"border-top-style:solid;\"><\/div>[\/vc_column][\/vc_row][vc_row][vc_column][vc_empty_space height=&#8221;50px&#8221;][\/vc_column][\/vc_row]<\/p>\n<\/section>","protected":false},"excerpt":{"rendered":"<p>[vc_row][vc_column][vc_column_text]CSRio is a centre for research on biodiversity conservation and sustainability, with the aim of developing basic and applied research on conservation and sustainability science[\/vc_column_text][vc_empty_space][\/vc_column][\/vc_row][vc_row][vc_column width=&#8221;1\/3&#8243;][vc_basic_grid post_type=&#8221;post&#8221; max_items=&#8221;3&#8243; style=&#8221;pagination&#8221; items_per_page=&#8221;1&#8243; element_width=&#8221;12&#8243; paging_design=&#8221;pagination_rounded_square&#8221; paging_color=&#8221;blue&#8221; loop=&#8221;yes&#8221; autoplay=&#8221;10&#8243; item=&#8221;2033&#8243; grid_id=&#8221;vc_gid:1695397741050-3cb37722-7550-9&#8243; taxonomies=&#8221;129&#8243; paging_animation_in=&#8221;fadeIn&#8221; paging_animation_out=&#8221;none&#8221;][\/vc_column][vc_column width=&#8221;1\/3&#8243;][vc_basic_grid post_type=&#8221;post&#8221; max_items=&#8221;3&#8243; style=&#8221;pagination&#8221; items_per_page=&#8221;1&#8243; element_width=&#8221;12&#8243; paging_design=&#8221;pagination_rounded_square&#8221; paging_color=&#8221;blue&#8221; loop=&#8221;yes&#8221; autoplay=&#8221;10&#8243; item=&#8221;2033&#8243; grid_id=&#8221;vc_gid:1695397741050-def1af60-71af-6&#8243; taxonomies=&#8221;130&#8243; paging_animation_in=&#8221;fadeIn&#8221; paging_animation_out=&#8221;none&#8221;][\/vc_column][vc_column width=&#8221;1\/3&#8243; el_class=&#8221;ajuste-public&#8221;][vc_basic_grid post_type=&#8221;post&#8221; max_items=&#8221;6&#8243; style=&#8221;pagination&#8221; items_per_page=&#8221;2&#8243; element_width=&#8221;12&#8243; paging_design=&#8221;pagination_rounded_square&#8221; paging_color=&#8221;blue&#8221; loop=&#8221;yes&#8221; autoplay=&#8221;10&#8243; item=&#8221;2058&#8243; grid_id=&#8221;vc_gid:1695397741050-17ca8e02-3bd3-4&#8243; taxonomies=&#8221;131&#8243; paging_animation_in=&#8221;bounceInUp&#8221; paging_animation_out=&#8221;none&#8221;][\/vc_column][\/vc_row][vc_row][vc_column][vc_empty_space height=&#8221;50px&#8221;][\/vc_column][\/vc_row]<\/p>\n","protected":false},"author":1,"featured_media":0,"parent":0,"menu_order":0,"comment_status":"open","ping_status":"open","template":"","meta":{"footnotes":""},"acf":[],"yoast_head":"<!-- This site is optimized with the Yoast SEO plugin v21.1 - https:\/\/yoast.com\/wordpress\/plugins\/seo\/ -->\n<title>CSRio - Centro de Ci\u00eancias da Conserva\u00e7\u00e3o e Sustentabilidade do Rio<\/title>\n<meta name=\"description\" content=\"O CSRio \u00e9 um centro de pesquisa em conserva\u00e7\u00e3o da biodiversidade e sustentabilidade, com os objetivos de desenvolver pesquisa de base e aplicada em ci\u00eancia.\" \/>\n<meta name=\"robots\" content=\"index, follow, max-snippet:-1, max-image-preview:large, max-video-preview:-1\" \/>\n<link rel=\"canonical\" href=\"http:\/\/csrio.usuarios.rdc.puc-rio.br\/en\/\" \/>\n<meta property=\"og:locale\" content=\"en_US\" \/>\n<meta property=\"og:type\" content=\"article\" \/>\n<meta property=\"og:title\" content=\"CSRio - Centro de Ci\u00eancias da Conserva\u00e7\u00e3o e Sustentabilidade do Rio\" \/>\n<meta property=\"og:description\" content=\"O CSRio \u00e9 um centro de pesquisa em conserva\u00e7\u00e3o da biodiversidade e sustentabilidade, com os objetivos de desenvolver pesquisa de base e aplicada em ci\u00eancia.\" \/>\n<meta property=\"og:url\" content=\"http:\/\/csrio.usuarios.rdc.puc-rio.br\/en\/\" \/>\n<meta property=\"og:site_name\" content=\"CSRio\" \/>\n<meta property=\"article:modified_time\" content=\"2023-09-22T15:49:39+00:00\" \/>\n<meta property=\"og:image\" content=\"http:\/\/csrio.usuarios.rdc.puc-rio.br\/wp-content\/uploads\/2017\/03\/CSRio_Logo3.jpg\" \/>\n\t<meta property=\"og:image:width\" content=\"1600\" \/>\n\t<meta property=\"og:image:height\" content=\"1200\" \/>\n\t<meta property=\"og:image:type\" content=\"image\/jpeg\" \/>\n<meta name=\"twitter:card\" content=\"summary_large_image\" \/>\n<meta name=\"twitter:label1\" content=\"Est. reading time\" \/>\n\t<meta name=\"twitter:data1\" content=\"1 minute\" \/>\n<script type=\"application\/ld+json\" class=\"yoast-schema-graph\">{\"@context\":\"https:\/\/schema.org\",\"@graph\":[{\"@type\":\"WebPage\",\"@id\":\"http:\/\/csrio.usuarios.rdc.puc-rio.br\/en\/\",\"url\":\"http:\/\/csrio.usuarios.rdc.puc-rio.br\/en\/\",\"name\":\"CSRio - Centro de Ci\u00eancias da Conserva\u00e7\u00e3o e Sustentabilidade do Rio\",\"isPartOf\":{\"@id\":\"http:\/\/csrio.usuarios.rdc.puc-rio.br\/en\/#website\"},\"datePublished\":\"2015-08-18T14:01:21+00:00\",\"dateModified\":\"2023-09-22T15:49:39+00:00\",\"description\":\"O CSRio \u00e9 um centro de pesquisa em conserva\u00e7\u00e3o da biodiversidade e sustentabilidade, com os objetivos de desenvolver pesquisa de base e aplicada em ci\u00eancia.\",\"breadcrumb\":{\"@id\":\"http:\/\/csrio.usuarios.rdc.puc-rio.br\/en\/#breadcrumb\"},\"inLanguage\":\"en-US\",\"potentialAction\":[{\"@type\":\"ReadAction\",\"target\":[[\"http:\/\/csrio.usuarios.rdc.puc-rio.br\/en\/\"]]}]},{\"@type\":\"BreadcrumbList\",\"@id\":\"http:\/\/csrio.usuarios.rdc.puc-rio.br\/en\/#breadcrumb\",\"itemListElement\":[{\"@type\":\"ListItem\",\"position\":1,\"name\":\"Home\",\"item\":\"http:\/\/csrio.usuarios.rdc.puc-rio.br\/en\/\"},{\"@type\":\"ListItem\",\"position\":2,\"name\":\"Home\"}]},{\"@type\":\"WebSite\",\"@id\":\"http:\/\/csrio.usuarios.rdc.puc-rio.br\/en\/#website\",\"url\":\"http:\/\/csrio.usuarios.rdc.puc-rio.br\/en\/\",\"name\":\"CSRio\",\"description\":\"O CSRio \u00e9 um centro de pesquisa em conserva\u00e7\u00e3o da biodiversidade e sustentabilidade, com os objetivos de desenvolver pesquisa de base e aplicada em ci\u00eancia.\",\"publisher\":{\"@id\":\"http:\/\/csrio.usuarios.rdc.puc-rio.br\/en\/#organization\"},\"potentialAction\":[{\"@type\":\"SearchAction\",\"target\":{\"@type\":\"EntryPoint\",\"urlTemplate\":\"http:\/\/csrio.usuarios.rdc.puc-rio.br\/en\/?s={search_term_string}\"},\"query-input\":\"required name=search_term_string\"}],\"inLanguage\":\"en-US\"},{\"@type\":\"Organization\",\"@id\":\"http:\/\/csrio.usuarios.rdc.puc-rio.br\/en\/#organization\",\"name\":\"CSRio\",\"url\":\"http:\/\/csrio.usuarios.rdc.puc-rio.br\/en\/\",\"logo\":{\"@type\":\"ImageObject\",\"inLanguage\":\"en-US\",\"@id\":\"http:\/\/csrio.usuarios.rdc.puc-rio.br\/en\/#\/schema\/logo\/image\/\",\"url\":\"http:\/\/csrio.usuarios.rdc.puc-rio.br\/wp-content\/uploads\/2017\/03\/CSRio_Logo3.jpg\",\"contentUrl\":\"http:\/\/csrio.usuarios.rdc.puc-rio.br\/wp-content\/uploads\/2017\/03\/CSRio_Logo3.jpg\",\"width\":1600,\"height\":1200,\"caption\":\"CSRio\"},\"image\":{\"@id\":\"http:\/\/csrio.usuarios.rdc.puc-rio.br\/en\/#\/schema\/logo\/image\/\"}}]}<\/script>\n<!-- \/ Yoast SEO plugin. -->","yoast_head_json":{"title":"CSRio - Centro de Ci\u00eancias da Conserva\u00e7\u00e3o e Sustentabilidade do Rio","description":"O CSRio \u00e9 um centro de pesquisa em conserva\u00e7\u00e3o da biodiversidade e sustentabilidade, com os objetivos de desenvolver pesquisa de base e aplicada em ci\u00eancia.","robots":{"index":"index","follow":"follow","max-snippet":"max-snippet:-1","max-image-preview":"max-image-preview:large","max-video-preview":"max-video-preview:-1"},"canonical":"http:\/\/csrio.usuarios.rdc.puc-rio.br\/en\/","og_locale":"en_US","og_type":"article","og_title":"CSRio - Centro de Ci\u00eancias da Conserva\u00e7\u00e3o e Sustentabilidade do Rio","og_description":"O CSRio \u00e9 um centro de pesquisa em conserva\u00e7\u00e3o da biodiversidade e sustentabilidade, com os objetivos de desenvolver pesquisa de base e aplicada em ci\u00eancia.","og_url":"http:\/\/csrio.usuarios.rdc.puc-rio.br\/en\/","og_site_name":"CSRio","article_modified_time":"2023-09-22T15:49:39+00:00","og_image":[{"width":1600,"height":1200,"url":"http:\/\/csrio.usuarios.rdc.puc-rio.br\/wp-content\/uploads\/2017\/03\/CSRio_Logo3.jpg","type":"image\/jpeg"}],"twitter_card":"summary_large_image","twitter_misc":{"Est. reading time":"1 minute"},"schema":{"@context":"https:\/\/schema.org","@graph":[{"@type":"WebPage","@id":"http:\/\/csrio.usuarios.rdc.puc-rio.br\/en\/","url":"http:\/\/csrio.usuarios.rdc.puc-rio.br\/en\/","name":"CSRio - Centro de Ci\u00eancias da Conserva\u00e7\u00e3o e Sustentabilidade do Rio","isPartOf":{"@id":"http:\/\/csrio.usuarios.rdc.puc-rio.br\/en\/#website"},"datePublished":"2015-08-18T14:01:21+00:00","dateModified":"2023-09-22T15:49:39+00:00","description":"O CSRio \u00e9 um centro de pesquisa em conserva\u00e7\u00e3o da biodiversidade e sustentabilidade, com os objetivos de desenvolver pesquisa de base e aplicada em ci\u00eancia.","breadcrumb":{"@id":"http:\/\/csrio.usuarios.rdc.puc-rio.br\/en\/#breadcrumb"},"inLanguage":"en-US","potentialAction":[{"@type":"ReadAction","target":[["http:\/\/csrio.usuarios.rdc.puc-rio.br\/en\/"]]}]},{"@type":"BreadcrumbList","@id":"http:\/\/csrio.usuarios.rdc.puc-rio.br\/en\/#breadcrumb","itemListElement":[{"@type":"ListItem","position":1,"name":"Home","item":"http:\/\/csrio.usuarios.rdc.puc-rio.br\/en\/"},{"@type":"ListItem","position":2,"name":"Home"}]},{"@type":"WebSite","@id":"http:\/\/csrio.usuarios.rdc.puc-rio.br\/en\/#website","url":"http:\/\/csrio.usuarios.rdc.puc-rio.br\/en\/","name":"CSRio","description":"O CSRio \u00e9 um centro de pesquisa em conserva\u00e7\u00e3o da biodiversidade e sustentabilidade, com os objetivos de desenvolver pesquisa de base e aplicada em ci\u00eancia.","publisher":{"@id":"http:\/\/csrio.usuarios.rdc.puc-rio.br\/en\/#organization"},"potentialAction":[{"@type":"SearchAction","target":{"@type":"EntryPoint","urlTemplate":"http:\/\/csrio.usuarios.rdc.puc-rio.br\/en\/?s={search_term_string}"},"query-input":"required name=search_term_string"}],"inLanguage":"en-US"},{"@type":"Organization","@id":"http:\/\/csrio.usuarios.rdc.puc-rio.br\/en\/#organization","name":"CSRio","url":"http:\/\/csrio.usuarios.rdc.puc-rio.br\/en\/","logo":{"@type":"ImageObject","inLanguage":"en-US","@id":"http:\/\/csrio.usuarios.rdc.puc-rio.br\/en\/#\/schema\/logo\/image\/","url":"http:\/\/csrio.usuarios.rdc.puc-rio.br\/wp-content\/uploads\/2017\/03\/CSRio_Logo3.jpg","contentUrl":"http:\/\/csrio.usuarios.rdc.puc-rio.br\/wp-content\/uploads\/2017\/03\/CSRio_Logo3.jpg","width":1600,"height":1200,"caption":"CSRio"},"image":{"@id":"http:\/\/csrio.usuarios.rdc.puc-rio.br\/en\/#\/schema\/logo\/image\/"}}]}},"_links":{"self":[{"href":"http:\/\/csrio.usuarios.rdc.puc-rio.br\/en\/wp-json\/wp\/v2\/pages\/1050"}],"collection":[{"href":"http:\/\/csrio.usuarios.rdc.puc-rio.br\/en\/wp-json\/wp\/v2\/pages"}],"about":[{"href":"http:\/\/csrio.usuarios.rdc.puc-rio.br\/en\/wp-json\/wp\/v2\/types\/page"}],"author":[{"embeddable":true,"href":"http:\/\/csrio.usuarios.rdc.puc-rio.br\/en\/wp-json\/wp\/v2\/users\/1"}],"replies":[{"embeddable":true,"href":"http:\/\/csrio.usuarios.rdc.puc-rio.br\/en\/wp-json\/wp\/v2\/comments?post=1050"}],"version-history":[{"count":53,"href":"http:\/\/csrio.usuarios.rdc.puc-rio.br\/en\/wp-json\/wp\/v2\/pages\/1050\/revisions"}],"predecessor-version":[{"id":4299,"href":"http:\/\/csrio.usuarios.rdc.puc-rio.br\/en\/wp-json\/wp\/v2\/pages\/1050\/revisions\/4299"}],"wp:attachment":[{"href":"http:\/\/csrio.usuarios.rdc.puc-rio.br\/en\/wp-json\/wp\/v2\/media?parent=1050"}],"curies":[{"name":"wp","href":"https:\/\/api.w.org\/{rel}","templated":true}]}}