{"id":1399,"date":"2015-09-01T11:49:08","date_gmt":"2015-09-01T11:49:08","guid":{"rendered":"http:\/\/goodenergy.themerex.net\/?page_id=1399"},"modified":"2023-07-07T12:08:07","modified_gmt":"2023-07-07T15:08:07","slug":"contato","status":"publish","type":"page","link":"http:\/\/csrio.usuarios.rdc.puc-rio.br\/en\/contato\/","title":{"rendered":"Contact"},"content":{"rendered":"<section class=\"wpb-content-wrapper\"><p>[vc_row][vc_column][vc_empty_space height=&#8221;80px&#8221; el_class=&#8221;espaco-contato-01&#8243;][\/vc_column][\/vc_row][vc_row][vc_column width=&#8221;6\/12&#8243;][vc_empty_space height=&#8221;60px&#8221; el_class=&#8221;espaco-contato-02&#8243;][vc_column_text el_class=&#8221;texto-contato&#8221;]<\/p>\n<p style=\"text-align: right\">CONTACT US<\/p>\n<p style=\"text-align: right\"><strong>55 21 2147-1018 \/ 2147-1019<\/strong><br \/>\ncontato@csrio.usuarios.rdc.puc-rio.br<br \/>\ncsrio.usuarios.rdc.puc-rio.br<\/p>\n<p style=\"text-align: right\">Rua Marqu\u00eas de S\u00e3o Vicente, 225<br \/>\nG\u00e1vea &#8211; Rio de Janeiro \/ RJ<\/p>\n<p>[\/vc_column_text][\/vc_column][vc_column width=&#8221;6\/12&#8243;]\n<div class=\"wpcf7 no-js\" id=\"wpcf7-f2353-o2\" lang=\"pt-BR\" dir=\"ltr\">\n<div class=\"screen-reader-response\"><p role=\"status\" aria-live=\"polite\" aria-atomic=\"true\"><\/p> <ul><\/ul><\/div>\n<form action=\"\/en\/wp-json\/wp\/v2\/pages\/1399#wpcf7-f2353-o2\" method=\"post\" class=\"wpcf7-form init\" aria-label=\"Formul\u00e1rios de contato\" novalidate=\"novalidate\" data-status=\"init\">\n<div style=\"display: none;\">\n<input type=\"hidden\" name=\"_wpcf7\" value=\"2353\" \/>\n<input type=\"hidden\" name=\"_wpcf7_version\" value=\"5.8\" \/>\n<input type=\"hidden\" name=\"_wpcf7_locale\" value=\"pt_BR\" \/>\n<input type=\"hidden\" name=\"_wpcf7_unit_tag\" value=\"wpcf7-f2353-o2\" \/>\n<input type=\"hidden\" name=\"_wpcf7_container_post\" value=\"0\" \/>\n<input type=\"hidden\" name=\"_wpcf7_posted_data_hash\" value=\"\" \/>\n<input type=\"hidden\" name=\"_wpcf7_recaptcha_response\" value=\"\" \/>\n<\/div>\n<span class=\"wpcf7-form-control-wrap\" data-name=\"your-name\"><input size=\"40\" class=\"wpcf7-form-control wpcf7-text wpcf7-validates-as-required\" aria-required=\"true\" aria-invalid=\"false\" placeholder=\"Your name\" value=\"\" type=\"text\" name=\"your-name\" \/><\/span>\n\n<span class=\"wpcf7-form-control-wrap\" data-name=\"your-email\"><input size=\"40\" class=\"wpcf7-form-control wpcf7-email wpcf7-validates-as-required wpcf7-text wpcf7-validates-as-email\" aria-required=\"true\" aria-invalid=\"false\" placeholder=\"Your e-mail\" value=\"\" type=\"email\" name=\"your-email\" \/><\/span>\n\n<span class=\"wpcf7-form-control-wrap\" data-name=\"your-subject\"><input size=\"40\" class=\"wpcf7-form-control wpcf7-text\" aria-invalid=\"false\" placeholder=\"Subject\" value=\"\" type=\"text\" name=\"your-subject\" \/><\/span>\n\n<span class=\"wpcf7-form-control-wrap\" data-name=\"your-message\"><textarea cols=\"40\" rows=\"10\" class=\"wpcf7-form-control wpcf7-textarea\" aria-invalid=\"false\" placeholder=\"Message\" name=\"your-message\"><\/textarea><\/span>\n\n<input class=\"wpcf7-form-control wpcf7-submit has-spinner\" type=\"submit\" value=\"Send\" \/><div class=\"wpcf7-response-output\" aria-hidden=\"true\"><\/div>\n<\/form>\n<\/div>\n[\/vc_column][\/vc_row][vc_row][vc_column][vc_empty_space height=&#8221;80px&#8221; el_class=&#8221;espaco-contato-03&#8243;][\/vc_column][\/vc_row]<\/p>\n<\/section>","protected":false},"excerpt":{"rendered":"<p>[vc_row][vc_column][vc_empty_space height=&#8221;80px&#8221; el_class=&#8221;espaco-contato-01&#8243;][\/vc_column][\/vc_row][vc_row][vc_column width=&#8221;6\/12&#8243;][vc_empty_space height=&#8221;60px&#8221; el_class=&#8221;espaco-contato-02&#8243;][vc_column_text el_class=&#8221;texto-contato&#8221;] CONTACT US 55 21 2147-1018 \/ 2147-1019 contato@csrio.usuarios.rdc.puc-rio.br csrio.usuarios.rdc.puc-rio.br Rua Marqu\u00eas de S\u00e3o Vicente, 225 G\u00e1vea &#8211; Rio de Janeiro \/ RJ [\/vc_column_text][\/vc_column][vc_column width=&#8221;6\/12&#8243;][\/vc_column][\/vc_row][vc_row][vc_column][vc_empty_space height=&#8221;80px&#8221; el_class=&#8221;espaco-contato-03&#8243;][\/vc_column][\/vc_row]<\/p>\n","protected":false},"author":1,"featured_media":0,"parent":0,"menu_order":0,"comment_status":"open","ping_status":"open","template":"","meta":{"footnotes":""},"acf":[],"yoast_head":"<!-- This site is optimized with the Yoast SEO plugin v21.1 - https:\/\/yoast.com\/wordpress\/plugins\/seo\/ -->\n<title>Contact | CSRio<\/title>\n<meta name=\"description\" content=\"ENTRE EM CONTATO 55 21 2147-1018 \/ 2147-1019 contato@csrio.org a.latawiec@puc-rio.br Rua Marqu\u00eas de S\u00e3o Vicente, 225 G\u00e1vea - Rio de Janeiro \/ RJ CONTACT\" \/>\n<meta name=\"robots\" content=\"index, follow, max-snippet:-1, max-image-preview:large, max-video-preview:-1\" \/>\n<link rel=\"canonical\" href=\"http:\/\/csrio.usuarios.rdc.puc-rio.br\/en\/contato\/\" \/>\n<meta property=\"og:locale\" content=\"en_US\" \/>\n<meta property=\"og:type\" content=\"article\" \/>\n<meta property=\"og:title\" content=\"Contact | CSRio\" \/>\n<meta property=\"og:description\" content=\"ENTRE EM CONTATO 55 21 2147-1018 \/ 2147-1019 contato@csrio.org a.latawiec@puc-rio.br Rua Marqu\u00eas de S\u00e3o Vicente, 225 G\u00e1vea - Rio de Janeiro \/ RJ CONTACT\" \/>\n<meta property=\"og:url\" content=\"http:\/\/csrio.usuarios.rdc.puc-rio.br\/en\/contato\/\" \/>\n<meta property=\"og:site_name\" content=\"CSRio\" \/>\n<meta property=\"article:modified_time\" content=\"2023-07-07T15:08:07+00:00\" \/>\n<meta property=\"og:image\" content=\"http:\/\/csrio.usuarios.rdc.puc-rio.br\/wp-content\/uploads\/2017\/03\/CSRio_Logo3.jpg\" \/>\n\t<meta property=\"og:image:width\" content=\"1600\" \/>\n\t<meta property=\"og:image:height\" content=\"1200\" \/>\n\t<meta property=\"og:image:type\" content=\"image\/jpeg\" \/>\n<meta name=\"twitter:card\" content=\"summary_large_image\" \/>\n<meta name=\"twitter:label1\" content=\"Est. reading time\" \/>\n\t<meta name=\"twitter:data1\" content=\"1 minute\" \/>\n<script type=\"application\/ld+json\" class=\"yoast-schema-graph\">{\"@context\":\"https:\/\/schema.org\",\"@graph\":[{\"@type\":\"WebPage\",\"@id\":\"http:\/\/csrio.usuarios.rdc.puc-rio.br\/en\/contato\/\",\"url\":\"http:\/\/csrio.usuarios.rdc.puc-rio.br\/en\/contato\/\",\"name\":\"Contact | CSRio\",\"isPartOf\":{\"@id\":\"http:\/\/csrio.usuarios.rdc.puc-rio.br\/en\/#website\"},\"datePublished\":\"2015-09-01T11:49:08+00:00\",\"dateModified\":\"2023-07-07T15:08:07+00:00\",\"description\":\"ENTRE EM CONTATO 55 21 2147-1018 \/ 2147-1019 contato@csrio.org a.latawiec@puc-rio.br Rua Marqu\u00eas de S\u00e3o Vicente, 225 G\u00e1vea - Rio de Janeiro \/ RJ CONTACT\",\"breadcrumb\":{\"@id\":\"http:\/\/csrio.usuarios.rdc.puc-rio.br\/en\/contato\/#breadcrumb\"},\"inLanguage\":\"en-US\",\"potentialAction\":[{\"@type\":\"ReadAction\",\"target\":[[\"http:\/\/csrio.usuarios.rdc.puc-rio.br\/en\/contato\/\"]]}]},{\"@type\":\"BreadcrumbList\",\"@id\":\"http:\/\/csrio.usuarios.rdc.puc-rio.br\/en\/contato\/#breadcrumb\",\"itemListElement\":[{\"@type\":\"ListItem\",\"position\":1,\"name\":\"Home\",\"item\":\"http:\/\/csrio.usuarios.rdc.puc-rio.br\/en\/\"},{\"@type\":\"ListItem\",\"position\":2,\"name\":\"Contato\"}]},{\"@type\":\"WebSite\",\"@id\":\"http:\/\/csrio.usuarios.rdc.puc-rio.br\/en\/#website\",\"url\":\"http:\/\/csrio.usuarios.rdc.puc-rio.br\/en\/\",\"name\":\"CSRio\",\"description\":\"O CSRio \u00e9 um centro de pesquisa em conserva\u00e7\u00e3o da biodiversidade e sustentabilidade, com os objetivos de desenvolver pesquisa de base e aplicada em ci\u00eancia.\",\"publisher\":{\"@id\":\"http:\/\/csrio.usuarios.rdc.puc-rio.br\/en\/#organization\"},\"potentialAction\":[{\"@type\":\"SearchAction\",\"target\":{\"@type\":\"EntryPoint\",\"urlTemplate\":\"http:\/\/csrio.usuarios.rdc.puc-rio.br\/en\/?s={search_term_string}\"},\"query-input\":\"required name=search_term_string\"}],\"inLanguage\":\"en-US\"},{\"@type\":\"Organization\",\"@id\":\"http:\/\/csrio.usuarios.rdc.puc-rio.br\/en\/#organization\",\"name\":\"CSRio\",\"url\":\"http:\/\/csrio.usuarios.rdc.puc-rio.br\/en\/\",\"logo\":{\"@type\":\"ImageObject\",\"inLanguage\":\"en-US\",\"@id\":\"http:\/\/csrio.usuarios.rdc.puc-rio.br\/en\/#\/schema\/logo\/image\/\",\"url\":\"http:\/\/csrio.usuarios.rdc.puc-rio.br\/wp-content\/uploads\/2017\/03\/CSRio_Logo3.jpg\",\"contentUrl\":\"http:\/\/csrio.usuarios.rdc.puc-rio.br\/wp-content\/uploads\/2017\/03\/CSRio_Logo3.jpg\",\"width\":1600,\"height\":1200,\"caption\":\"CSRio\"},\"image\":{\"@id\":\"http:\/\/csrio.usuarios.rdc.puc-rio.br\/en\/#\/schema\/logo\/image\/\"}}]}<\/script>\n<!-- \/ Yoast SEO plugin. -->","yoast_head_json":{"title":"Contact | CSRio","description":"ENTRE EM CONTATO 55 21 2147-1018 \/ 2147-1019 contato@csrio.org a.latawiec@puc-rio.br Rua Marqu\u00eas de S\u00e3o Vicente, 225 G\u00e1vea - Rio de Janeiro \/ RJ CONTACT","robots":{"index":"index","follow":"follow","max-snippet":"max-snippet:-1","max-image-preview":"max-image-preview:large","max-video-preview":"max-video-preview:-1"},"canonical":"http:\/\/csrio.usuarios.rdc.puc-rio.br\/en\/contato\/","og_locale":"en_US","og_type":"article","og_title":"Contact | CSRio","og_description":"ENTRE EM CONTATO 55 21 2147-1018 \/ 2147-1019 contato@csrio.org a.latawiec@puc-rio.br Rua Marqu\u00eas de S\u00e3o Vicente, 225 G\u00e1vea - Rio de Janeiro \/ RJ CONTACT","og_url":"http:\/\/csrio.usuarios.rdc.puc-rio.br\/en\/contato\/","og_site_name":"CSRio","article_modified_time":"2023-07-07T15:08:07+00:00","og_image":[{"width":1600,"height":1200,"url":"http:\/\/csrio.usuarios.rdc.puc-rio.br\/wp-content\/uploads\/2017\/03\/CSRio_Logo3.jpg","type":"image\/jpeg"}],"twitter_card":"summary_large_image","twitter_misc":{"Est. reading time":"1 minute"},"schema":{"@context":"https:\/\/schema.org","@graph":[{"@type":"WebPage","@id":"http:\/\/csrio.usuarios.rdc.puc-rio.br\/en\/contato\/","url":"http:\/\/csrio.usuarios.rdc.puc-rio.br\/en\/contato\/","name":"Contact | CSRio","isPartOf":{"@id":"http:\/\/csrio.usuarios.rdc.puc-rio.br\/en\/#website"},"datePublished":"2015-09-01T11:49:08+00:00","dateModified":"2023-07-07T15:08:07+00:00","description":"ENTRE EM CONTATO 55 21 2147-1018 \/ 2147-1019 contato@csrio.org a.latawiec@puc-rio.br Rua Marqu\u00eas de S\u00e3o Vicente, 225 G\u00e1vea - Rio de Janeiro \/ RJ CONTACT","breadcrumb":{"@id":"http:\/\/csrio.usuarios.rdc.puc-rio.br\/en\/contato\/#breadcrumb"},"inLanguage":"en-US","potentialAction":[{"@type":"ReadAction","target":[["http:\/\/csrio.usuarios.rdc.puc-rio.br\/en\/contato\/"]]}]},{"@type":"BreadcrumbList","@id":"http:\/\/csrio.usuarios.rdc.puc-rio.br\/en\/contato\/#breadcrumb","itemListElement":[{"@type":"ListItem","position":1,"name":"Home","item":"http:\/\/csrio.usuarios.rdc.puc-rio.br\/en\/"},{"@type":"ListItem","position":2,"name":"Contato"}]},{"@type":"WebSite","@id":"http:\/\/csrio.usuarios.rdc.puc-rio.br\/en\/#website","url":"http:\/\/csrio.usuarios.rdc.puc-rio.br\/en\/","name":"CSRio","description":"O CSRio \u00e9 um centro de pesquisa em conserva\u00e7\u00e3o da biodiversidade e sustentabilidade, com os objetivos de desenvolver pesquisa de base e aplicada em ci\u00eancia.","publisher":{"@id":"http:\/\/csrio.usuarios.rdc.puc-rio.br\/en\/#organization"},"potentialAction":[{"@type":"SearchAction","target":{"@type":"EntryPoint","urlTemplate":"http:\/\/csrio.usuarios.rdc.puc-rio.br\/en\/?s={search_term_string}"},"query-input":"required name=search_term_string"}],"inLanguage":"en-US"},{"@type":"Organization","@id":"http:\/\/csrio.usuarios.rdc.puc-rio.br\/en\/#organization","name":"CSRio","url":"http:\/\/csrio.usuarios.rdc.puc-rio.br\/en\/","logo":{"@type":"ImageObject","inLanguage":"en-US","@id":"http:\/\/csrio.usuarios.rdc.puc-rio.br\/en\/#\/schema\/logo\/image\/","url":"http:\/\/csrio.usuarios.rdc.puc-rio.br\/wp-content\/uploads\/2017\/03\/CSRio_Logo3.jpg","contentUrl":"http:\/\/csrio.usuarios.rdc.puc-rio.br\/wp-content\/uploads\/2017\/03\/CSRio_Logo3.jpg","width":1600,"height":1200,"caption":"CSRio"},"image":{"@id":"http:\/\/csrio.usuarios.rdc.puc-rio.br\/en\/#\/schema\/logo\/image\/"}}]}},"_links":{"self":[{"href":"http:\/\/csrio.usuarios.rdc.puc-rio.br\/en\/wp-json\/wp\/v2\/pages\/1399"}],"collection":[{"href":"http:\/\/csrio.usuarios.rdc.puc-rio.br\/en\/wp-json\/wp\/v2\/pages"}],"about":[{"href":"http:\/\/csrio.usuarios.rdc.puc-rio.br\/en\/wp-json\/wp\/v2\/types\/page"}],"author":[{"embeddable":true,"href":"http:\/\/csrio.usuarios.rdc.puc-rio.br\/en\/wp-json\/wp\/v2\/users\/1"}],"replies":[{"embeddable":true,"href":"http:\/\/csrio.usuarios.rdc.puc-rio.br\/en\/wp-json\/wp\/v2\/comments?post=1399"}],"version-history":[{"count":56,"href":"http:\/\/csrio.usuarios.rdc.puc-rio.br\/en\/wp-json\/wp\/v2\/pages\/1399\/revisions"}],"predecessor-version":[{"id":4099,"href":"http:\/\/csrio.usuarios.rdc.puc-rio.br\/en\/wp-json\/wp\/v2\/pages\/1399\/revisions\/4099"}],"wp:attachment":[{"href":"http:\/\/csrio.usuarios.rdc.puc-rio.br\/en\/wp-json\/wp\/v2\/media?parent=1399"}],"curies":[{"name":"wp","href":"https:\/\/api.w.org\/{rel}","templated":true}]}}