{"id":1823,"date":"2017-03-21T11:09:53","date_gmt":"2017-03-21T14:09:53","guid":{"rendered":"http:\/\/csrio.usuarios.rdc.puc-rio.br\/?page_id=1823"},"modified":"2017-04-09T15:47:41","modified_gmt":"2017-04-09T18:47:41","slug":"sobre","status":"publish","type":"page","link":"http:\/\/csrio.usuarios.rdc.puc-rio.br\/en\/sobre\/","title":{"rendered":"About the CSRio"},"content":{"rendered":"<section class=\"wpb-content-wrapper\"><p>[vc_row][vc_column]<h2 class=\"sc_title sc_title_regular sc_align_center title_sobre\" style=\"margin-top:0px;margin-bottom:0px;text-align:center;\">Basic and Applied Research<\/h2><figure class=\"sc_image  sc_image_shape_square\" style=\"text-align: center;margin-top:0px !important;margin-bottom:10px !important;\"><img src=\"http:\/\/csrio.usuarios.rdc.puc-rio.br\/wp-content\/uploads\/2017\/03\/aftertitle_parallax_verde.png\" alt=\"\" \/><\/figure>[vc_column_text el_class=&#8221;description gambiarra-480px&#8221; css=&#8221;.vc_custom_1491763648863{padding-right: 90px !important;padding-left: 90px !important;}&#8221;]<\/p>\n<p style=\"text-align: center;\">CSRio is a centre for research on biodiversity conservation and sustainability, with the aim of developing basic and applied research on conservation and sustainability science for:<\/p>\n<p>[\/vc_column_text][vc_empty_space height=&#8221;50px&#8221;][\/vc_column][\/vc_row][vc_row][vc_column width=&#8221;1\/3&#8243;]<div class=\"sc_section sc_section_reverse_no bc-box-verde scheme_csrio-colors aligncenter\" style=\"background-color:#29b674;\"><div class=\"sc_section_inner\"><div class=\"sc_section_overlay\" style=\"\"><div class=\"sc_section_content padding_on\" style=\"\"><figure class=\"sc_image  sc_image_shape_square\" data-animation=\"animated bounceIn normal\" style=\"margin-top:30px !important;\"><img src=\"http:\/\/csrio.usuarios.rdc.puc-rio.br\/wp-content\/uploads\/2017\/03\/icone-sobre-1.png\" alt=\"\" \/><\/figure>[vc_column_text css=&#8221;.vc_custom_1490138883750{margin-bottom: 30px !important;padding-right: 20px !important;padding-left: 20px !important;}&#8221;]<\/p>\n<p style=\"text-align: center; color: #ffffff; font-size: 15px;\"><strong>Strategic planning of conservation and transition to sustainability<\/strong><\/p>\n<p>[\/vc_column_text]<\/div><\/div><\/div><\/div>[\/vc_column][vc_column width=&#8221;1\/3&#8243;]<div class=\"sc_section sc_section_reverse_no bc-box-verde scheme_csrio-colors aligncenter\" style=\"background-color:#29b674;\"><div class=\"sc_section_inner\"><div class=\"sc_section_overlay\" style=\"\"><div class=\"sc_section_content padding_on\" style=\"\"><figure class=\"sc_image  sc_image_shape_square\" data-animation=\"animated bounceIn normal\" style=\"margin-top:30px !important;\"><img src=\"http:\/\/csrio.usuarios.rdc.puc-rio.br\/wp-content\/uploads\/2017\/03\/icone-sobre-2.png\" alt=\"\" \/><\/figure>[vc_column_text css=&#8221;.vc_custom_1490138927750{margin-bottom: 30px !important;}&#8221;]<\/p>\n<p style=\"text-align: center; color: #ffffff; font-size: 15px;\"><strong>Develop knowledge, models, syntheses and databases, to be consistently updated<\/strong><\/p>\n<p>[\/vc_column_text]<\/div><\/div><\/div><\/div>[\/vc_column][vc_column width=&#8221;1\/3&#8243;]<div class=\"sc_section sc_section_reverse_no bc-box-verde scheme_csrio-colors aligncenter\" style=\"background-color:#29b674;\"><div class=\"sc_section_inner\"><div class=\"sc_section_overlay\" style=\"\"><div class=\"sc_section_content padding_on\" style=\"\"><figure class=\"sc_image  sc_image_shape_square\" data-animation=\"animated bounceIn normal\" style=\"height: 96px; width: auto;margin-top:30px !important;\"><img src=\"http:\/\/csrio.usuarios.rdc.puc-rio.br\/wp-content\/uploads\/2017\/03\/icone-sobre-3.png\" alt=\"\" \/><\/figure>[vc_column_text css=&#8221;.vc_custom_1490187090923{margin-bottom: 30px !important;padding-right: 0px !important;padding-left: 0px !important;}&#8221;]<\/p>\n<p style=\"text-align: center; color: #ffffff; font-size: 15px;\"><strong>Reconcile the development of basic applied science with research focused on specific challenges<\/strong><\/p>\n<p>[\/vc_column_text]<\/div><\/div><\/div><\/div>[\/vc_column][\/vc_row][vc_row full_width=&#8221;stretch_row_content_no_spaces&#8221;][vc_column][vc_empty_space height=&#8221;80px&#8221; el_class=&#8221;espaco-01&#8243;]<div class=\"sc_parallax sc_parallax_reverse_no\" style=\"background-color:#2688af;\" data-parallax-speed=\"0\" data-parallax-x-pos=\"50%\" data-parallax-y-pos=\"50%\"><div class=\"sc_parallax_content\" style=\"background-image:url(http:\/\/csrio.usuarios.rdc.puc-rio.br\/wp-content\/uploads\/2017\/03\/bg_sobre.jpg); background-position:50% 50%;\"><div class=\"sc_content content_wrap\"><h2 id=\"title_sobre_02_eng\" class=\"sc_title sc_title_regular sc_align_center title_sobre_02\" style=\"margin-top:30px;margin-bottom:0px;text-align:center;\"><span style=\"color: #ffffff;\">Centre for Network Synthesis<\/span><\/h2><figure class=\"sc_image  sc_image_shape_square\" style=\"text-align: center;margin-top:0px !important;margin-bottom:10px !important;\"><img src=\"http:\/\/csrio.usuarios.rdc.puc-rio.br\/wp-content\/uploads\/2015\/08\/aftertitle_parallax.png\" alt=\"\" \/><\/figure>[vc_empty_space height=&#8221;15px&#8221; el_class=&#8221;espaco-02&#8243;]<div class=\"columns_wrap sc_columns columns_nofluid nodark_section_columns sc_columns_count_2\"><div class=\"column-1_2 sc_column_item sc_column_item_1 odd first\" style=\"text-align:right;\">[vc_column_text el_class=&#8221;texto-sobre-01&#8243;]CSRio operates as a traditional centre with its own multidisciplinary team and as a centre for network synthesis, organising and hosting studies with experts and national and international institutions of excellence for:[\/vc_column_text]<\/div><div class=\"column-1_2 sc_column_item sc_column_item_2 even\" style=\"text-align:left;\"><div class=\"sc_section sc_section_reverse_no bc-box-branco\" style=\"margin-bottom:10px !important;background-color:#ffffff;\"><div class=\"sc_section_inner\"><div class=\"sc_section_overlay\" style=\"\"><div class=\"sc_section_content padding_on\" style=\"\"><figure class=\"sc_image  alignleft sc_image_shape_square\" data-animation=\"animated bounceIn normal\" style=\"margin-top:10px !important;margin-right:23px !important;margin-bottom:15px !important;margin-left:0px !important;\"><img src=\"http:\/\/csrio.usuarios.rdc.puc-rio.br\/wp-content\/uploads\/2017\/03\/icone-sobre-4.png\" alt=\"\" \/><\/figure>[vc_column_text css=&#8221;.vc_custom_1490196783435{margin-top: 10px !important;margin-bottom: 10px !important;padding-top: 0px !important;padding-bottom: 0px !important;}&#8221;]<\/p>\n<p style=\"padding: 0; font-size: 14px;\">Supporting the development of national and international public policies<\/p>\n<p>[\/vc_column_text]<\/div><\/div><\/div><\/div><div class=\"sc_section sc_section_reverse_no bc-box-branco\" style=\"margin-bottom:10px !important;background-color:#ffffff;\"><div class=\"sc_section_inner\"><div class=\"sc_section_overlay\" style=\"\"><div class=\"sc_section_content padding_on\" style=\"\"><figure class=\"sc_image  alignleft sc_image_shape_square\" data-animation=\"animated bounceIn normal\" style=\"margin-top:10px !important;margin-right:15px !important;margin-bottom:15px !important;margin-left:0px !important;\"><img src=\"http:\/\/csrio.usuarios.rdc.puc-rio.br\/wp-content\/uploads\/2017\/03\/icone-sobre-5.png\" alt=\"\" \/><\/figure>[vc_column_text css=&#8221;.vc_custom_1490196800988{margin-top: 12px !important;margin-bottom: 12px !important;padding-top: 0px !important;padding-bottom: 0px !important;}&#8221;]<\/p>\n<p style=\"padding: 0; font-size: 14px;\">Capability for conservation and sustainability in the 21st century: blending theory and practice<\/p>\n<p>[\/vc_column_text]<\/div><\/div><\/div><\/div><div class=\"sc_section sc_section_reverse_no bc-box-branco\" style=\"background-color:#ffffff;\"><div class=\"sc_section_inner\"><div class=\"sc_section_overlay\" style=\"\"><div class=\"sc_section_content padding_on\" style=\"\"><figure class=\"sc_image  alignleft sc_image_shape_square\" data-animation=\"animated bounceIn normal\" style=\"margin-top:18px !important;margin-right:15px !important;margin-bottom:15px !important;margin-left:0px !important;\"><img src=\"http:\/\/csrio.usuarios.rdc.puc-rio.br\/wp-content\/uploads\/2017\/03\/icone-sobre-6.png\" alt=\"\" \/><\/figure>[vc_column_text css=&#8221;.vc_custom_1490196821045{margin-top: 10px !important;margin-bottom: 10px !important;padding-top: 0px !important;padding-bottom: 0px !important;}&#8221;]<\/p>\n<p style=\"padding: 0; font-size: 14px;\">Acting as an international reference point, becoming a locus for events and a bridge with excellence centres<\/p>\n<p>[\/vc_column_text]<\/div><\/div><\/div><\/div><\/div><\/div>[vc_empty_space height=&#8221;35px&#8221; el_class=&#8221;espaco-03&#8243;][vc_column_text el_class=&#8221;.texto-sobre-02&#8243;]With the final goal of effectively integrating nature conservation into public and private decision-making processes[\/vc_column_text][vc_empty_space height=&#8221;50px&#8221; el_class=&#8221;espaco-04&#8243;]<\/div><\/div><\/div>[vc_empty_space height=&#8221;50px&#8221; el_class=&#8221;espaco-05&#8243;][\/vc_column][\/vc_row][vc_row][vc_column]<h2 class=\"sc_title sc_title_regular sc_align_center title_sobre\" style=\"margin-top:0px;margin-bottom:0px;text-align:center;\">Lines of Research<\/h2><figure class=\"sc_image  sc_image_shape_square\" style=\"text-align: center;margin-top:0px !important;margin-bottom:10px !important;\"><img src=\"http:\/\/csrio.usuarios.rdc.puc-rio.br\/wp-content\/uploads\/2017\/03\/aftertitle_parallax_verde.png\" alt=\"\" \/><\/figure>[vc_empty_space height=&#8221;20px&#8221; el_class=&#8221;espaco-06&#8243;][\/vc_column][\/vc_row][vc_row][vc_column width=&#8221;1\/2&#8243; el_class=&#8221;coluna_lista&#8221;]<figure class=\"sc_image  sc_image_shape_square img_arvore\" style=\"width:70%;\"><img src=\"http:\/\/csrio.usuarios.rdc.puc-rio.br\/wp-content\/uploads\/2017\/03\/arvore.jpg\" alt=\"\" \/><\/figure>[\/vc_column][vc_column width=&#8221;1\/2&#8243;]<ul class=\"sc_list sc_list_style_ul lista_sobre\" style=\"color:#6a6a6a;\"><li class=\"sc_list_item odd first\">Integrated and dynamic socio-ecological systems<\/li><li class=\"sc_list_item even\">Incentive mechanisms for conservation (including financing)<\/li><li class=\"sc_list_item odd\">Perception and Valuation of Nature<\/li><li class=\"sc_list_item even\">Global conservation analyses<\/li><li class=\"sc_list_item odd\">Ecosystem services (water, climate regulation, protection landslides etc)<\/li><li class=\"sc_list_item even\">Systematic Conservation and Restoration Planning<\/li><li class=\"sc_list_item odd\">Multi-criteria spatial strategy<\/li><li class=\"sc_list_item even\">Modelling and simulations of land use scenarios<\/li><li class=\"sc_list_item odd\">Geoprocessing and dynamics of soil use<\/li><li class=\"sc_list_item even\">Impacts, Mitigation and Adaptation to Climate Change<\/li><li class=\"sc_list_item odd\">Sustainability Science and Indicators<\/li><li class=\"sc_list_item even\">Traditional populations and conservation<\/li><li class=\"sc_list_item odd\">Relationship between conservation and human development<\/li><li class=\"sc_list_item even\">Social aspects of conservation economics and restoration<\/li><li class=\"sc_list_item odd\">The city of Rio de Janeiro as a complex socio-ecological system<\/li><li class=\"sc_list_item even\">Ecological Restoration<\/li><li class=\"sc_list_item odd\">Relationship between society and nature, including historical aspects<\/li><li class=\"sc_list_item even\">Nature and Human Health<\/li><li class=\"sc_list_item odd\">Sustainability Ethics<\/li><\/ul>[\/vc_column][\/vc_row]<\/p>\n<\/section>","protected":false},"excerpt":{"rendered":"<p>[vc_row][vc_column][vc_column_text el_class=&#8221;description gambiarra-480px&#8221; css=&#8221;.vc_custom_1491763648863{padding-right: 90px !important;padding-left: 90px !important;}&#8221;] CSRio is a centre for research on biodiversity conservation and sustainability, with the aim of developing basic and applied research on conservation and sustainability science for: [\/vc_column_text][vc_empty_space height=&#8221;50px&#8221;][\/vc_column][\/vc_row][vc_row][vc_column width=&#8221;1\/3&#8243;][\/vc_column][vc_column width=&#8221;1\/3&#8243;][\/vc_column][vc_column width=&#8221;1\/3&#8243;][\/vc_column][\/vc_row][vc_row full_width=&#8221;stretch_row_content_no_spaces&#8221;][vc_column][vc_empty_space height=&#8221;80px&#8221; el_class=&#8221;espaco-01&#8243;][vc_empty_space height=&#8221;50px&#8221; el_class=&#8221;espaco-05&#8243;][\/vc_column][\/vc_row][vc_row][vc_column][vc_empty_space height=&#8221;20px&#8221; el_class=&#8221;espaco-06&#8243;][\/vc_column][\/vc_row][vc_row][vc_column width=&#8221;1\/2&#8243; el_class=&#8221;coluna_lista&#8221;][\/vc_column][vc_column width=&#8221;1\/2&#8243;][\/vc_column][\/vc_row]<\/p>\n","protected":false},"author":1,"featured_media":0,"parent":0,"menu_order":0,"comment_status":"closed","ping_status":"closed","template":"","meta":{"footnotes":""},"acf":[],"yoast_head":"<!-- This site is optimized with the Yoast SEO plugin v21.1 - https:\/\/yoast.com\/wordpress\/plugins\/seo\/ -->\n<title>About the CSRio | CSRio<\/title>\n<meta name=\"description\" content=\"O CSRio \u00e9 um centro de pesquisa em conserva\u00e7\u00e3o da biodiversidade e sustentabilidade, com os objetivos de desenvolver pesquisa de base e aplicada em\" \/>\n<meta name=\"robots\" content=\"index, follow, max-snippet:-1, max-image-preview:large, max-video-preview:-1\" \/>\n<link rel=\"canonical\" href=\"http:\/\/csrio.usuarios.rdc.puc-rio.br\/en\/sobre\/\" \/>\n<meta property=\"og:locale\" content=\"en_US\" \/>\n<meta property=\"og:type\" content=\"article\" \/>\n<meta property=\"og:title\" content=\"About the CSRio | CSRio\" \/>\n<meta property=\"og:description\" content=\"O CSRio \u00e9 um centro de pesquisa em conserva\u00e7\u00e3o da biodiversidade e sustentabilidade, com os objetivos de desenvolver pesquisa de base e aplicada em\" \/>\n<meta property=\"og:url\" content=\"http:\/\/csrio.usuarios.rdc.puc-rio.br\/en\/sobre\/\" \/>\n<meta property=\"og:site_name\" content=\"CSRio\" \/>\n<meta property=\"article:modified_time\" content=\"2017-04-09T18:47:41+00:00\" \/>\n<meta property=\"og:image\" content=\"http:\/\/csrio.usuarios.rdc.puc-rio.br\/wp-content\/uploads\/2017\/03\/CSRio_Logo3.jpg\" \/>\n\t<meta property=\"og:image:width\" content=\"1600\" \/>\n\t<meta property=\"og:image:height\" content=\"1200\" \/>\n\t<meta property=\"og:image:type\" content=\"image\/jpeg\" \/>\n<meta name=\"twitter:card\" content=\"summary_large_image\" \/>\n<meta name=\"twitter:label1\" content=\"Est. reading time\" \/>\n\t<meta name=\"twitter:data1\" content=\"9 minutes\" \/>\n<script type=\"application\/ld+json\" class=\"yoast-schema-graph\">{\"@context\":\"https:\/\/schema.org\",\"@graph\":[{\"@type\":\"WebPage\",\"@id\":\"http:\/\/csrio.usuarios.rdc.puc-rio.br\/en\/sobre\/\",\"url\":\"http:\/\/csrio.usuarios.rdc.puc-rio.br\/en\/sobre\/\",\"name\":\"About the CSRio | CSRio\",\"isPartOf\":{\"@id\":\"http:\/\/csrio.usuarios.rdc.puc-rio.br\/en\/#website\"},\"datePublished\":\"2017-03-21T14:09:53+00:00\",\"dateModified\":\"2017-04-09T18:47:41+00:00\",\"description\":\"O CSRio \u00e9 um centro de pesquisa em conserva\u00e7\u00e3o da biodiversidade e sustentabilidade, com os objetivos de desenvolver pesquisa de base e aplicada em\",\"breadcrumb\":{\"@id\":\"http:\/\/csrio.usuarios.rdc.puc-rio.br\/en\/sobre\/#breadcrumb\"},\"inLanguage\":\"en-US\",\"potentialAction\":[{\"@type\":\"ReadAction\",\"target\":[[\"http:\/\/csrio.usuarios.rdc.puc-rio.br\/en\/sobre\/\"]]}]},{\"@type\":\"BreadcrumbList\",\"@id\":\"http:\/\/csrio.usuarios.rdc.puc-rio.br\/en\/sobre\/#breadcrumb\",\"itemListElement\":[{\"@type\":\"ListItem\",\"position\":1,\"name\":\"Home\",\"item\":\"http:\/\/csrio.usuarios.rdc.puc-rio.br\/en\/\"},{\"@type\":\"ListItem\",\"position\":2,\"name\":\"Sobre a CSRio\"}]},{\"@type\":\"WebSite\",\"@id\":\"http:\/\/csrio.usuarios.rdc.puc-rio.br\/en\/#website\",\"url\":\"http:\/\/csrio.usuarios.rdc.puc-rio.br\/en\/\",\"name\":\"CSRio\",\"description\":\"O CSRio \u00e9 um centro de pesquisa em conserva\u00e7\u00e3o da biodiversidade e sustentabilidade, com os objetivos de desenvolver pesquisa de base e aplicada em ci\u00eancia.\",\"publisher\":{\"@id\":\"http:\/\/csrio.usuarios.rdc.puc-rio.br\/en\/#organization\"},\"potentialAction\":[{\"@type\":\"SearchAction\",\"target\":{\"@type\":\"EntryPoint\",\"urlTemplate\":\"http:\/\/csrio.usuarios.rdc.puc-rio.br\/en\/?s={search_term_string}\"},\"query-input\":\"required name=search_term_string\"}],\"inLanguage\":\"en-US\"},{\"@type\":\"Organization\",\"@id\":\"http:\/\/csrio.usuarios.rdc.puc-rio.br\/en\/#organization\",\"name\":\"CSRio\",\"url\":\"http:\/\/csrio.usuarios.rdc.puc-rio.br\/en\/\",\"logo\":{\"@type\":\"ImageObject\",\"inLanguage\":\"en-US\",\"@id\":\"http:\/\/csrio.usuarios.rdc.puc-rio.br\/en\/#\/schema\/logo\/image\/\",\"url\":\"http:\/\/csrio.usuarios.rdc.puc-rio.br\/wp-content\/uploads\/2017\/03\/CSRio_Logo3.jpg\",\"contentUrl\":\"http:\/\/csrio.usuarios.rdc.puc-rio.br\/wp-content\/uploads\/2017\/03\/CSRio_Logo3.jpg\",\"width\":1600,\"height\":1200,\"caption\":\"CSRio\"},\"image\":{\"@id\":\"http:\/\/csrio.usuarios.rdc.puc-rio.br\/en\/#\/schema\/logo\/image\/\"}}]}<\/script>\n<!-- \/ Yoast SEO plugin. -->","yoast_head_json":{"title":"About the CSRio | CSRio","description":"O CSRio \u00e9 um centro de pesquisa em conserva\u00e7\u00e3o da biodiversidade e sustentabilidade, com os objetivos de desenvolver pesquisa de base e aplicada em","robots":{"index":"index","follow":"follow","max-snippet":"max-snippet:-1","max-image-preview":"max-image-preview:large","max-video-preview":"max-video-preview:-1"},"canonical":"http:\/\/csrio.usuarios.rdc.puc-rio.br\/en\/sobre\/","og_locale":"en_US","og_type":"article","og_title":"About the CSRio | CSRio","og_description":"O CSRio \u00e9 um centro de pesquisa em conserva\u00e7\u00e3o da biodiversidade e sustentabilidade, com os objetivos de desenvolver pesquisa de base e aplicada em","og_url":"http:\/\/csrio.usuarios.rdc.puc-rio.br\/en\/sobre\/","og_site_name":"CSRio","article_modified_time":"2017-04-09T18:47:41+00:00","og_image":[{"width":1600,"height":1200,"url":"http:\/\/csrio.usuarios.rdc.puc-rio.br\/wp-content\/uploads\/2017\/03\/CSRio_Logo3.jpg","type":"image\/jpeg"}],"twitter_card":"summary_large_image","twitter_misc":{"Est. reading time":"9 minutes"},"schema":{"@context":"https:\/\/schema.org","@graph":[{"@type":"WebPage","@id":"http:\/\/csrio.usuarios.rdc.puc-rio.br\/en\/sobre\/","url":"http:\/\/csrio.usuarios.rdc.puc-rio.br\/en\/sobre\/","name":"About the CSRio | CSRio","isPartOf":{"@id":"http:\/\/csrio.usuarios.rdc.puc-rio.br\/en\/#website"},"datePublished":"2017-03-21T14:09:53+00:00","dateModified":"2017-04-09T18:47:41+00:00","description":"O CSRio \u00e9 um centro de pesquisa em conserva\u00e7\u00e3o da biodiversidade e sustentabilidade, com os objetivos de desenvolver pesquisa de base e aplicada em","breadcrumb":{"@id":"http:\/\/csrio.usuarios.rdc.puc-rio.br\/en\/sobre\/#breadcrumb"},"inLanguage":"en-US","potentialAction":[{"@type":"ReadAction","target":[["http:\/\/csrio.usuarios.rdc.puc-rio.br\/en\/sobre\/"]]}]},{"@type":"BreadcrumbList","@id":"http:\/\/csrio.usuarios.rdc.puc-rio.br\/en\/sobre\/#breadcrumb","itemListElement":[{"@type":"ListItem","position":1,"name":"Home","item":"http:\/\/csrio.usuarios.rdc.puc-rio.br\/en\/"},{"@type":"ListItem","position":2,"name":"Sobre a CSRio"}]},{"@type":"WebSite","@id":"http:\/\/csrio.usuarios.rdc.puc-rio.br\/en\/#website","url":"http:\/\/csrio.usuarios.rdc.puc-rio.br\/en\/","name":"CSRio","description":"O CSRio \u00e9 um centro de pesquisa em conserva\u00e7\u00e3o da biodiversidade e sustentabilidade, com os objetivos de desenvolver pesquisa de base e aplicada em ci\u00eancia.","publisher":{"@id":"http:\/\/csrio.usuarios.rdc.puc-rio.br\/en\/#organization"},"potentialAction":[{"@type":"SearchAction","target":{"@type":"EntryPoint","urlTemplate":"http:\/\/csrio.usuarios.rdc.puc-rio.br\/en\/?s={search_term_string}"},"query-input":"required name=search_term_string"}],"inLanguage":"en-US"},{"@type":"Organization","@id":"http:\/\/csrio.usuarios.rdc.puc-rio.br\/en\/#organization","name":"CSRio","url":"http:\/\/csrio.usuarios.rdc.puc-rio.br\/en\/","logo":{"@type":"ImageObject","inLanguage":"en-US","@id":"http:\/\/csrio.usuarios.rdc.puc-rio.br\/en\/#\/schema\/logo\/image\/","url":"http:\/\/csrio.usuarios.rdc.puc-rio.br\/wp-content\/uploads\/2017\/03\/CSRio_Logo3.jpg","contentUrl":"http:\/\/csrio.usuarios.rdc.puc-rio.br\/wp-content\/uploads\/2017\/03\/CSRio_Logo3.jpg","width":1600,"height":1200,"caption":"CSRio"},"image":{"@id":"http:\/\/csrio.usuarios.rdc.puc-rio.br\/en\/#\/schema\/logo\/image\/"}}]}},"_links":{"self":[{"href":"http:\/\/csrio.usuarios.rdc.puc-rio.br\/en\/wp-json\/wp\/v2\/pages\/1823"}],"collection":[{"href":"http:\/\/csrio.usuarios.rdc.puc-rio.br\/en\/wp-json\/wp\/v2\/pages"}],"about":[{"href":"http:\/\/csrio.usuarios.rdc.puc-rio.br\/en\/wp-json\/wp\/v2\/types\/page"}],"author":[{"embeddable":true,"href":"http:\/\/csrio.usuarios.rdc.puc-rio.br\/en\/wp-json\/wp\/v2\/users\/1"}],"replies":[{"embeddable":true,"href":"http:\/\/csrio.usuarios.rdc.puc-rio.br\/en\/wp-json\/wp\/v2\/comments?post=1823"}],"version-history":[{"count":64,"href":"http:\/\/csrio.usuarios.rdc.puc-rio.br\/en\/wp-json\/wp\/v2\/pages\/1823\/revisions"}],"predecessor-version":[{"id":2387,"href":"http:\/\/csrio.usuarios.rdc.puc-rio.br\/en\/wp-json\/wp\/v2\/pages\/1823\/revisions\/2387"}],"wp:attachment":[{"href":"http:\/\/csrio.usuarios.rdc.puc-rio.br\/en\/wp-json\/wp\/v2\/media?parent=1823"}],"curies":[{"name":"wp","href":"https:\/\/api.w.org\/{rel}","templated":true}]}}