{"id":4196,"date":"2023-09-01T10:38:43","date_gmt":"2023-09-01T13:38:43","guid":{"rendered":"http:\/\/csrio.usuarios.rdc.puc-rio.br\/?page_id=4196"},"modified":"2023-09-21T19:20:08","modified_gmt":"2023-09-21T22:20:08","slug":"grupos-de-pesquisa","status":"publish","type":"page","link":"http:\/\/csrio.usuarios.rdc.puc-rio.br\/en\/grupos-de-pesquisa\/","title":{"rendered":"Research Groups"},"content":{"rendered":"","protected":false},"excerpt":{"rendered":"","protected":false},"author":1,"featured_media":0,"parent":0,"menu_order":0,"comment_status":"closed","ping_status":"closed","template":"page-grupos-de-pesquisa.php","meta":{"footnotes":""},"acf":[],"yoast_head":"<!-- This site is optimized with the Yoast SEO plugin v21.1 - https:\/\/yoast.com\/wordpress\/plugins\/seo\/ -->\n<title>Research Groups | CSRio<\/title>\n<meta name=\"robots\" content=\"index, follow, max-snippet:-1, max-image-preview:large, max-video-preview:-1\" \/>\n<link rel=\"canonical\" href=\"http:\/\/csrio.usuarios.rdc.puc-rio.br\/en\/grupos-de-pesquisa\/\" \/>\n<meta property=\"og:locale\" content=\"en_US\" \/>\n<meta property=\"og:type\" content=\"article\" \/>\n<meta property=\"og:title\" content=\"Research Groups | CSRio\" \/>\n<meta property=\"og:url\" content=\"http:\/\/csrio.usuarios.rdc.puc-rio.br\/en\/grupos-de-pesquisa\/\" \/>\n<meta property=\"og:site_name\" content=\"CSRio\" \/>\n<meta property=\"article:modified_time\" content=\"2023-09-21T22:20:08+00:00\" \/>\n<meta property=\"og:image\" content=\"http:\/\/csrio.usuarios.rdc.puc-rio.br\/wp-content\/uploads\/2017\/03\/CSRio_Logo3.jpg\" \/>\n\t<meta property=\"og:image:width\" content=\"1600\" \/>\n\t<meta property=\"og:image:height\" content=\"1200\" \/>\n\t<meta property=\"og:image:type\" content=\"image\/jpeg\" \/>\n<meta name=\"twitter:card\" content=\"summary_large_image\" \/>\n<script type=\"application\/ld+json\" class=\"yoast-schema-graph\">{\"@context\":\"https:\/\/schema.org\",\"@graph\":[{\"@type\":\"WebPage\",\"@id\":\"http:\/\/csrio.usuarios.rdc.puc-rio.br\/en\/grupos-de-pesquisa\/\",\"url\":\"http:\/\/csrio.usuarios.rdc.puc-rio.br\/en\/grupos-de-pesquisa\/\",\"name\":\"Research Groups | CSRio\",\"isPartOf\":{\"@id\":\"http:\/\/csrio.usuarios.rdc.puc-rio.br\/en\/#website\"},\"datePublished\":\"2023-09-01T13:38:43+00:00\",\"dateModified\":\"2023-09-21T22:20:08+00:00\",\"breadcrumb\":{\"@id\":\"http:\/\/csrio.usuarios.rdc.puc-rio.br\/en\/grupos-de-pesquisa\/#breadcrumb\"},\"inLanguage\":\"en-US\",\"potentialAction\":[{\"@type\":\"ReadAction\",\"target\":[[\"http:\/\/csrio.usuarios.rdc.puc-rio.br\/en\/grupos-de-pesquisa\/\"]]}]},{\"@type\":\"BreadcrumbList\",\"@id\":\"http:\/\/csrio.usuarios.rdc.puc-rio.br\/en\/grupos-de-pesquisa\/#breadcrumb\",\"itemListElement\":[{\"@type\":\"ListItem\",\"position\":1,\"name\":\"Home\",\"item\":\"http:\/\/csrio.usuarios.rdc.puc-rio.br\/en\/\"},{\"@type\":\"ListItem\",\"position\":2,\"name\":\"Grupos de Pesquisa\"}]},{\"@type\":\"WebSite\",\"@id\":\"http:\/\/csrio.usuarios.rdc.puc-rio.br\/en\/#website\",\"url\":\"http:\/\/csrio.usuarios.rdc.puc-rio.br\/en\/\",\"name\":\"CSRio\",\"description\":\"O CSRio \u00e9 um centro de pesquisa em conserva\u00e7\u00e3o da biodiversidade e sustentabilidade, com os objetivos de desenvolver pesquisa de base e aplicada em ci\u00eancia.\",\"publisher\":{\"@id\":\"http:\/\/csrio.usuarios.rdc.puc-rio.br\/en\/#organization\"},\"potentialAction\":[{\"@type\":\"SearchAction\",\"target\":{\"@type\":\"EntryPoint\",\"urlTemplate\":\"http:\/\/csrio.usuarios.rdc.puc-rio.br\/en\/?s={search_term_string}\"},\"query-input\":\"required name=search_term_string\"}],\"inLanguage\":\"en-US\"},{\"@type\":\"Organization\",\"@id\":\"http:\/\/csrio.usuarios.rdc.puc-rio.br\/en\/#organization\",\"name\":\"CSRio\",\"url\":\"http:\/\/csrio.usuarios.rdc.puc-rio.br\/en\/\",\"logo\":{\"@type\":\"ImageObject\",\"inLanguage\":\"en-US\",\"@id\":\"http:\/\/csrio.usuarios.rdc.puc-rio.br\/en\/#\/schema\/logo\/image\/\",\"url\":\"http:\/\/csrio.usuarios.rdc.puc-rio.br\/wp-content\/uploads\/2017\/03\/CSRio_Logo3.jpg\",\"contentUrl\":\"http:\/\/csrio.usuarios.rdc.puc-rio.br\/wp-content\/uploads\/2017\/03\/CSRio_Logo3.jpg\",\"width\":1600,\"height\":1200,\"caption\":\"CSRio\"},\"image\":{\"@id\":\"http:\/\/csrio.usuarios.rdc.puc-rio.br\/en\/#\/schema\/logo\/image\/\"}}]}<\/script>\n<!-- \/ Yoast SEO plugin. -->","yoast_head_json":{"title":"Research Groups | CSRio","robots":{"index":"index","follow":"follow","max-snippet":"max-snippet:-1","max-image-preview":"max-image-preview:large","max-video-preview":"max-video-preview:-1"},"canonical":"http:\/\/csrio.usuarios.rdc.puc-rio.br\/en\/grupos-de-pesquisa\/","og_locale":"en_US","og_type":"article","og_title":"Research Groups | CSRio","og_url":"http:\/\/csrio.usuarios.rdc.puc-rio.br\/en\/grupos-de-pesquisa\/","og_site_name":"CSRio","article_modified_time":"2023-09-21T22:20:08+00:00","og_image":[{"width":1600,"height":1200,"url":"http:\/\/csrio.usuarios.rdc.puc-rio.br\/wp-content\/uploads\/2017\/03\/CSRio_Logo3.jpg","type":"image\/jpeg"}],"twitter_card":"summary_large_image","schema":{"@context":"https:\/\/schema.org","@graph":[{"@type":"WebPage","@id":"http:\/\/csrio.usuarios.rdc.puc-rio.br\/en\/grupos-de-pesquisa\/","url":"http:\/\/csrio.usuarios.rdc.puc-rio.br\/en\/grupos-de-pesquisa\/","name":"Research Groups | CSRio","isPartOf":{"@id":"http:\/\/csrio.usuarios.rdc.puc-rio.br\/en\/#website"},"datePublished":"2023-09-01T13:38:43+00:00","dateModified":"2023-09-21T22:20:08+00:00","breadcrumb":{"@id":"http:\/\/csrio.usuarios.rdc.puc-rio.br\/en\/grupos-de-pesquisa\/#breadcrumb"},"inLanguage":"en-US","potentialAction":[{"@type":"ReadAction","target":[["http:\/\/csrio.usuarios.rdc.puc-rio.br\/en\/grupos-de-pesquisa\/"]]}]},{"@type":"BreadcrumbList","@id":"http:\/\/csrio.usuarios.rdc.puc-rio.br\/en\/grupos-de-pesquisa\/#breadcrumb","itemListElement":[{"@type":"ListItem","position":1,"name":"Home","item":"http:\/\/csrio.usuarios.rdc.puc-rio.br\/en\/"},{"@type":"ListItem","position":2,"name":"Grupos de Pesquisa"}]},{"@type":"WebSite","@id":"http:\/\/csrio.usuarios.rdc.puc-rio.br\/en\/#website","url":"http:\/\/csrio.usuarios.rdc.puc-rio.br\/en\/","name":"CSRio","description":"O CSRio \u00e9 um centro de pesquisa em conserva\u00e7\u00e3o da biodiversidade e sustentabilidade, com os objetivos de desenvolver pesquisa de base e aplicada em ci\u00eancia.","publisher":{"@id":"http:\/\/csrio.usuarios.rdc.puc-rio.br\/en\/#organization"},"potentialAction":[{"@type":"SearchAction","target":{"@type":"EntryPoint","urlTemplate":"http:\/\/csrio.usuarios.rdc.puc-rio.br\/en\/?s={search_term_string}"},"query-input":"required name=search_term_string"}],"inLanguage":"en-US"},{"@type":"Organization","@id":"http:\/\/csrio.usuarios.rdc.puc-rio.br\/en\/#organization","name":"CSRio","url":"http:\/\/csrio.usuarios.rdc.puc-rio.br\/en\/","logo":{"@type":"ImageObject","inLanguage":"en-US","@id":"http:\/\/csrio.usuarios.rdc.puc-rio.br\/en\/#\/schema\/logo\/image\/","url":"http:\/\/csrio.usuarios.rdc.puc-rio.br\/wp-content\/uploads\/2017\/03\/CSRio_Logo3.jpg","contentUrl":"http:\/\/csrio.usuarios.rdc.puc-rio.br\/wp-content\/uploads\/2017\/03\/CSRio_Logo3.jpg","width":1600,"height":1200,"caption":"CSRio"},"image":{"@id":"http:\/\/csrio.usuarios.rdc.puc-rio.br\/en\/#\/schema\/logo\/image\/"}}]}},"_links":{"self":[{"href":"http:\/\/csrio.usuarios.rdc.puc-rio.br\/en\/wp-json\/wp\/v2\/pages\/4196"}],"collection":[{"href":"http:\/\/csrio.usuarios.rdc.puc-rio.br\/en\/wp-json\/wp\/v2\/pages"}],"about":[{"href":"http:\/\/csrio.usuarios.rdc.puc-rio.br\/en\/wp-json\/wp\/v2\/types\/page"}],"author":[{"embeddable":true,"href":"http:\/\/csrio.usuarios.rdc.puc-rio.br\/en\/wp-json\/wp\/v2\/users\/1"}],"replies":[{"embeddable":true,"href":"http:\/\/csrio.usuarios.rdc.puc-rio.br\/en\/wp-json\/wp\/v2\/comments?post=4196"}],"version-history":[{"count":11,"href":"http:\/\/csrio.usuarios.rdc.puc-rio.br\/en\/wp-json\/wp\/v2\/pages\/4196\/revisions"}],"predecessor-version":[{"id":4260,"href":"http:\/\/csrio.usuarios.rdc.puc-rio.br\/en\/wp-json\/wp\/v2\/pages\/4196\/revisions\/4260"}],"wp:attachment":[{"href":"http:\/\/csrio.usuarios.rdc.puc-rio.br\/en\/wp-json\/wp\/v2\/media?parent=4196"}],"curies":[{"name":"wp","href":"https:\/\/api.w.org\/{rel}","templated":true}]}}